{"id":281,"date":"2020-08-04T06:12:15","date_gmt":"2020-08-04T09:12:15","guid":{"rendered":"http:\/\/institutoneuron.com.br\/tratamento-de-aneurisma-cerebral\/our-farm\/"},"modified":"2025-05-19T11:30:36","modified_gmt":"2025-05-19T14:30:36","slug":"curriculum","status":"publish","type":"page","link":"https:\/\/institutoneuron.com.br\/tratamento-de-aneurisma-cerebral\/curriculum\/","title":{"rendered":"Curriculum"},"content":{"rendered":"\t\t<div data-elementor-type=\"wp-page\" data-elementor-id=\"281\" class=\"elementor elementor-281\" data-elementor-post-type=\"page\">\n\t\t\t\t<div class=\"elementor-element elementor-element-13603aa e-flex e-con-boxed e-con e-parent\" data-id=\"13603aa\" data-element_type=\"container\">\n\t\t\t\t\t<div class=\"e-con-inner\">\n\t\t<div class=\"elementor-element elementor-element-f6b4131 e-con-full e-flex e-con e-child\" data-id=\"f6b4131\" data-element_type=\"container\">\n\t\t\t\t<div class=\"elementor-element elementor-element-a8556a9 elementor-widget elementor-widget-heading\" data-id=\"a8556a9\" data-element_type=\"widget\" data-widget_type=\"heading.default\">\n\t\t\t\t<div class=\"elementor-widget-container\">\n\t\t\t\t\t<h6 class=\"elementor-heading-title elementor-size-default\">Curriculum<\/h6>\t\t\t\t<\/div>\n\t\t\t\t<\/div>\n\t\t\t\t<div class=\"elementor-element elementor-element-5473481 elementor-widget-divider--view-line elementor-widget elementor-widget-divider\" data-id=\"5473481\" data-element_type=\"widget\" data-widget_type=\"divider.default\">\n\t\t\t\t<div class=\"elementor-widget-container\">\n\t\t\t\t\t\t\t<div class=\"elementor-divider\">\n\t\t\t<span class=\"elementor-divider-separator\">\n\t\t\t\t\t\t<\/span>\n\t\t<\/div>\n\t\t\t\t\t\t<\/div>\n\t\t\t\t<\/div>\n\t\t\t\t<div class=\"elementor-element elementor-element-a4e6f8b elementor-widget elementor-widget-heading\" data-id=\"a4e6f8b\" data-element_type=\"widget\" data-widget_type=\"heading.default\">\n\t\t\t\t<div class=\"elementor-widget-container\">\n\t\t\t\t\t<h3 class=\"elementor-heading-title elementor-size-default\">Dr. Fabr\u00edcio Buchdid Cardoso<\/h3>\t\t\t\t<\/div>\n\t\t\t\t<\/div>\n\t\t\t\t<\/div>\n\t\t\t\t\t<\/div>\n\t\t\t\t<\/div>\n\t\t<div class=\"elementor-element elementor-element-841b12b e-flex e-con-boxed e-con e-parent\" data-id=\"841b12b\" data-element_type=\"container\">\n\t\t\t\t\t<div class=\"e-con-inner\">\n\t\t<div class=\"elementor-element elementor-element-2faa93a e-con-full e-flex e-con e-child\" data-id=\"2faa93a\" data-element_type=\"container\">\n\t\t\t\t<div class=\"elementor-element elementor-element-ce3643e elementor-widget elementor-widget-text-editor\" data-id=\"ce3643e\" data-element_type=\"widget\" data-widget_type=\"text-editor.default\">\n\t\t\t\t<div class=\"elementor-widget-container\">\n\t\t\t\t\t\t\t\t\t<h1 style=\"display: none;\">Curriculum<\/h1><p><strong>CRM-SP: 108914 | RQE N\u00ba: 51243<\/strong><br \/><em>Curriculum Lattes: <a href=\"http:\/\/lattes.cnpq.br\/1552651375421553\" target=\"_blabk\">http:\/\/lattes.cnpq.br\/1552651375421553<\/a><\/em><\/p><p>\u00c9 m\u00e9dico com especialidades em Neurorradiologia Intervencionista e Neurologia\/Neurologia Vascular. Resid\u00eancia m\u00e9dica em Neurologia pela\u00a0<strong>UNICAMP<\/strong>\u00a0e\u00a0\u00a0Neurorradiologia Intervervencionista pelo Instituto\u00a0<strong>ENERI<\/strong>.<\/p><p>Possui mestrado em Neuroci\u00eancias pela\u00a0<strong>FCM-UNICAMP<\/strong>.T\u00edtulo de especialista em <strong>Neurorradiologia<\/strong>\u00a0pelo Col\u00e9gio Brasileiro de Radiologia.\u00a0T\u00edtulo de especialista em\u00a0<strong>Neurologia<\/strong>\u00a0pela Academia Brasileira de Neurologia.Primeiro colocado no concurso de Neuroemerg\u00eancia em 2014, do\u00a0<strong>HC-UNICAMP<\/strong>.Artigos publicados em revistas cient\u00edficas nacionais e internacionais, sendo um deles publicado no mais prestigiado\u00a0<strong>New England Jornal of Medicine<\/strong>.<\/p><p>\u00c9 atualmente m\u00e9dico Neurorradiologista Intervencionista e Neurologista do\u00a0<strong>Hospital Centro M\u00e9dico de Campinas<\/strong>, onde participou da cria\u00e7\u00e3o da primeira unidade cardioneurol\u00f3gica de Campinas. Neurorradiologista Intervencionista do\u00a0<strong>Hospital S\u00e3o Luiz de Campinas<\/strong>\u00a0e Neurologista no\u00a0<strong>Hospital de Cl\u00ednicas da UNICAMP<\/strong>, realizando atendimento em neurologia de urg\u00eancia e participando de projetos de pesquisa no setor p\u00fablico referentes \u00e0 \u00e1rea de doen\u00e7as cerebrovasculares.<\/p><p>S\u00f3cio Fundador do\u00a0<strong>Instituto Neuron de Campinas<\/strong>, onde exerce atividade m\u00e9dica como neurologista intervencionista e gestor.<\/p><p>Tem experi\u00eancia de est\u00e1gios e fellowship no exterior, tendo passado por hospitais em\u00a0<strong>Heidelberg ( Alemanha )<\/strong>,\u00a0<strong>Beth Israel Deaconess Medical Center \u2013 Harvard Medical School (Boston -EUA )<\/strong>,\u00a0<strong>Marcus Stroke and Neuroscience Center \u2013 Grady Memorial Hospital (Atlanta \u2013 EUA ),<\/strong>\u00a0<strong>Instituto ENERI, Buenos Aires \u2013 Argentina<\/strong>\u00a0\u00a0e \u00a0<strong>Hospital Alfried Krupp, ESSEN, Alemanha<\/strong>.<\/p><p>Suas principais \u00e1reas de interesse est\u00e3o no\u00a0\u00a0<strong>tratamento endovascular<\/strong>\u00a0de aneurismas cerebrais, malforma\u00e7\u00f5es art\u00e9rio venosas cerebrais, obstru\u00e7\u00f5es arteriais por aterosclerose, f\u00edstulas art\u00e9rio venosas\u00a0\u00a0e trombectomia mec\u00e2nica no AVC isqu\u00eamico agudo, dentre outras \u00e1reas na <strong>neurorradiologia intervencionista.<\/strong><\/p><p><!-- notionvc: 8b410cce-b193-4498-9dca-df344a8b031d --><\/p>\t\t\t\t\t\t\t\t<\/div>\n\t\t\t\t<\/div>\n\t\t\t\t<\/div>\n\t\t<div class=\"elementor-element elementor-element-ba65ae5 e-con-full e-flex e-con e-child\" data-id=\"ba65ae5\" data-element_type=\"container\">\n\t\t\t\t<div class=\"elementor-element elementor-element-684ec43 elementor-widget elementor-widget-image\" data-id=\"684ec43\" data-element_type=\"widget\" data-widget_type=\"image.default\">\n\t\t\t\t<div class=\"elementor-widget-container\">\n\t\t\t\t\t\t\t\t\t\t\t\t\t\t\t<img fetchpriority=\"high\" decoding=\"async\" width=\"714\" height=\"669\" src=\"https:\/\/institutoneuron.com.br\/tratamento-de-aneurisma-cerebral\/wp-content\/uploads\/2023\/11\/Imagem3-1.png\" class=\"attachment-full size-full wp-image-479\" alt=\"Dr. Fabricio Buchid sentado e mexendo em notebook\" srcset=\"https:\/\/institutoneuron.com.br\/tratamento-de-aneurisma-cerebral\/wp-content\/uploads\/2023\/11\/Imagem3-1.png 714w, https:\/\/institutoneuron.com.br\/tratamento-de-aneurisma-cerebral\/wp-content\/uploads\/2023\/11\/Imagem3-1-300x281.png 300w\" sizes=\"(max-width: 714px) 100vw, 714px\" \/>\t\t\t\t\t\t\t\t\t\t\t\t\t\t\t<\/div>\n\t\t\t\t<\/div>\n\t\t\t\t<\/div>\n\t\t\t\t\t<\/div>\n\t\t\t\t<\/div>\n\t\t<div class=\"elementor-element elementor-element-08bdc06 e-flex e-con-boxed e-con e-parent\" data-id=\"08bdc06\" data-element_type=\"container\">\n\t\t\t\t\t<div class=\"e-con-inner\">\n\t\t\t\t<div class=\"elementor-element elementor-element-7acdd86 elementor-widget elementor-widget-button\" data-id=\"7acdd86\" data-element_type=\"widget\" data-widget_type=\"button.default\">\n\t\t\t\t<div class=\"elementor-widget-container\">\n\t\t\t\t\t\t\t\t\t<div class=\"elementor-button-wrapper\">\n\t\t\t\t\t<a class=\"elementor-button elementor-button-link elementor-size-sm\" href=\"https:\/\/institutoneuron.com.br\/tratamento-de-aneurisma-cerebral\/\">\n\t\t\t\t\t\t<span class=\"elementor-button-content-wrapper\">\n\t\t\t\t\t\t\t\t\t<span class=\"elementor-button-text\">Voltar<\/span>\n\t\t\t\t\t<\/span>\n\t\t\t\t\t<\/a>\n\t\t\t\t<\/div>\n\t\t\t\t\t\t\t\t<\/div>\n\t\t\t\t<\/div>\n\t\t\t\t\t<\/div>\n\t\t\t\t<\/div>\n\t\t\t\t<\/div>\n\t\t","protected":false},"excerpt":{"rendered":"<p>Curriculum Dr. Fabr\u00edcio Buchdid Cardoso Curriculum CRM-SP: 108914 | RQE N\u00ba: 51243Curriculum Lattes: http:\/\/lattes.cnpq.br\/1552651375421553 \u00c9 m\u00e9dico com especialidades em Neurorradiologia Intervencionista e Neurologia\/Neurologia Vascular. Resid\u00eancia m\u00e9dica em Neurologia pela\u00a0UNICAMP\u00a0e\u00a0\u00a0Neurorradiologia Intervervencionista pelo Instituto\u00a0ENERI. Possui mestrado em Neuroci\u00eancias pela\u00a0FCM-UNICAMP.T\u00edtulo de especialista em Neurorradiologia\u00a0pelo Col\u00e9gio Brasileiro de Radiologia.\u00a0T\u00edtulo de especialista em\u00a0Neurologia\u00a0pela Academia Brasileira de Neurologia.Primeiro colocado no concurso &hellip;<\/p>\n<p class=\"read-more\"> <a class=\"\" href=\"https:\/\/institutoneuron.com.br\/tratamento-de-aneurisma-cerebral\/curriculum\/\"> <span class=\"screen-reader-text\">Curriculum<\/span> Leia mais &raquo;<\/a><\/p>\n","protected":false},"author":1,"featured_media":0,"parent":0,"menu_order":0,"comment_status":"closed","ping_status":"closed","template":"","meta":{"_uag_custom_page_level_css":"","site-sidebar-layout":"no-sidebar","site-content-layout":"page-builder","ast-site-content-layout":"full-width-container","site-content-style":"unboxed","site-sidebar-style":"default","ast-global-header-display":"","ast-banner-title-visibility":"","ast-main-header-display":"","ast-hfb-above-header-display":"","ast-hfb-below-header-display":"","ast-hfb-mobile-header-display":"","site-post-title":"disabled","ast-breadcrumbs-content":"","ast-featured-img":"disabled","footer-sml-layout":"","theme-transparent-header-meta":"enabled","adv-header-id-meta":"","stick-header-meta":"","header-above-stick-meta":"","header-main-stick-meta":"","header-below-stick-meta":"","astra-migrate-meta-layouts":"set","_joinchat":[],"footnotes":""},"class_list":["post-281","page","type-page","status-publish","hentry"],"yoast_head":"<!-- This site is optimized with the Yoast SEO plugin v27.2 - https:\/\/yoast.com\/product\/yoast-seo-wordpress\/ -->\n<title>Curriculum | Dr. Fabricio Buchdid Cardoso | Instituto Neuron<\/title>\n<meta name=\"description\" content=\"Acesse e leia o curr\u00edculo do Dr. Fabricio Buchdid, m\u00e9dico com especialidades em Neurorradiologia Intervencionista e Neurologia Vascular.\" \/>\n<meta name=\"robots\" content=\"index, follow, max-snippet:-1, max-image-preview:large, max-video-preview:-1\" \/>\n<link rel=\"canonical\" href=\"https:\/\/institutoneuron.com.br\/tratamento-de-aneurisma-cerebral\/curriculum\/\" \/>\n<meta property=\"og:locale\" content=\"pt_BR\" \/>\n<meta property=\"og:type\" content=\"article\" \/>\n<meta property=\"og:title\" content=\"Curriculum | Dr. Fabricio Buchdid Cardoso | Instituto Neuron\" \/>\n<meta property=\"og:description\" content=\"Acesse e leia o curr\u00edculo do Dr. Fabricio Buchdid, m\u00e9dico com especialidades em Neurorradiologia Intervencionista e Neurologia Vascular.\" \/>\n<meta property=\"og:url\" content=\"https:\/\/institutoneuron.com.br\/tratamento-de-aneurisma-cerebral\/curriculum\/\" \/>\n<meta property=\"og:site_name\" content=\"Instituto Neuron\" \/>\n<meta property=\"article:publisher\" content=\"https:\/\/www.facebook.com\/share\/1AK5Z9Gr6K\/?mibextid=wwXIfr\" \/>\n<meta property=\"article:modified_time\" content=\"2025-05-19T14:30:36+00:00\" \/>\n<meta property=\"og:image\" content=\"https:\/\/institutoneuron.com.br\/tratamento-de-aneurisma-cerebral\/wp-content\/uploads\/2023\/11\/Imagem3-1.png\" \/>\n\t<meta property=\"og:image:width\" content=\"714\" \/>\n\t<meta property=\"og:image:height\" content=\"669\" \/>\n\t<meta property=\"og:image:type\" content=\"image\/png\" \/>\n<meta name=\"twitter:card\" content=\"summary_large_image\" \/>\n<meta name=\"twitter:label1\" content=\"Est. tempo de leitura\" \/>\n\t<meta name=\"twitter:data1\" content=\"2 minutos\" \/>\n<script type=\"application\/ld+json\" class=\"yoast-schema-graph\">{\"@context\":\"https:\/\/schema.org\",\"@graph\":[{\"@type\":\"WebPage\",\"@id\":\"https:\/\/institutoneuron.com.br\/tratamento-de-aneurisma-cerebral\/curriculum\/\",\"url\":\"https:\/\/institutoneuron.com.br\/tratamento-de-aneurisma-cerebral\/curriculum\/\",\"name\":\"Curriculum | Dr. Fabricio Buchdid Cardoso | Instituto Neuron\",\"isPartOf\":{\"@id\":\"https:\/\/institutoneuron.com.br\/tratamento-de-aneurisma-cerebral\/#website\"},\"primaryImageOfPage\":{\"@id\":\"https:\/\/institutoneuron.com.br\/tratamento-de-aneurisma-cerebral\/curriculum\/#primaryimage\"},\"image\":{\"@id\":\"https:\/\/institutoneuron.com.br\/tratamento-de-aneurisma-cerebral\/curriculum\/#primaryimage\"},\"thumbnailUrl\":\"https:\/\/institutoneuron.com.br\/tratamento-de-aneurisma-cerebral\/wp-content\/uploads\/2023\/11\/Imagem3-1.png\",\"datePublished\":\"2020-08-04T09:12:15+00:00\",\"dateModified\":\"2025-05-19T14:30:36+00:00\",\"description\":\"Acesse e leia o curr\u00edculo do Dr. Fabricio Buchdid, m\u00e9dico com especialidades em Neurorradiologia Intervencionista e Neurologia Vascular.\",\"breadcrumb\":{\"@id\":\"https:\/\/institutoneuron.com.br\/tratamento-de-aneurisma-cerebral\/curriculum\/#breadcrumb\"},\"inLanguage\":\"pt-BR\",\"potentialAction\":[{\"@type\":\"ReadAction\",\"target\":[\"https:\/\/institutoneuron.com.br\/tratamento-de-aneurisma-cerebral\/curriculum\/\"]}]},{\"@type\":\"ImageObject\",\"inLanguage\":\"pt-BR\",\"@id\":\"https:\/\/institutoneuron.com.br\/tratamento-de-aneurisma-cerebral\/curriculum\/#primaryimage\",\"url\":\"https:\/\/institutoneuron.com.br\/tratamento-de-aneurisma-cerebral\/wp-content\/uploads\/2023\/11\/Imagem3-1.png\",\"contentUrl\":\"https:\/\/institutoneuron.com.br\/tratamento-de-aneurisma-cerebral\/wp-content\/uploads\/2023\/11\/Imagem3-1.png\",\"width\":714,\"height\":669,\"caption\":\"Dr. Fabricio Buchid sentado e mexendo em notebook\"},{\"@type\":\"BreadcrumbList\",\"@id\":\"https:\/\/institutoneuron.com.br\/tratamento-de-aneurisma-cerebral\/curriculum\/#breadcrumb\",\"itemListElement\":[{\"@type\":\"ListItem\",\"position\":1,\"name\":\"In\u00edcio\",\"item\":\"https:\/\/institutoneuron.com.br\/tratamento-de-aneurisma-cerebral\/\"},{\"@type\":\"ListItem\",\"position\":2,\"name\":\"Curriculum\"}]},{\"@type\":\"WebSite\",\"@id\":\"https:\/\/institutoneuron.com.br\/tratamento-de-aneurisma-cerebral\/#website\",\"url\":\"https:\/\/institutoneuron.com.br\/tratamento-de-aneurisma-cerebral\/\",\"name\":\"Instituto Neuron\",\"description\":\"Tratamento de Aneurisma Cerebral\",\"publisher\":{\"@id\":\"https:\/\/institutoneuron.com.br\/tratamento-de-aneurisma-cerebral\/#organization\"},\"potentialAction\":[{\"@type\":\"SearchAction\",\"target\":{\"@type\":\"EntryPoint\",\"urlTemplate\":\"https:\/\/institutoneuron.com.br\/tratamento-de-aneurisma-cerebral\/?s={search_term_string}\"},\"query-input\":{\"@type\":\"PropertyValueSpecification\",\"valueRequired\":true,\"valueName\":\"search_term_string\"}}],\"inLanguage\":\"pt-BR\"},{\"@type\":\"Organization\",\"@id\":\"https:\/\/institutoneuron.com.br\/tratamento-de-aneurisma-cerebral\/#organization\",\"name\":\"Instituto Neuron\",\"url\":\"https:\/\/institutoneuron.com.br\/tratamento-de-aneurisma-cerebral\/\",\"logo\":{\"@type\":\"ImageObject\",\"inLanguage\":\"pt-BR\",\"@id\":\"https:\/\/institutoneuron.com.br\/tratamento-de-aneurisma-cerebral\/#\/schema\/logo\/image\/\",\"url\":\"https:\/\/institutoneuron.com.br\/tratamento-de-aneurisma-cerebral\/wp-content\/uploads\/2020\/11\/cropped-instituto_neuron_tratamento_de_aneurisma-1.png\",\"contentUrl\":\"https:\/\/institutoneuron.com.br\/tratamento-de-aneurisma-cerebral\/wp-content\/uploads\/2020\/11\/cropped-instituto_neuron_tratamento_de_aneurisma-1.png\",\"width\":1461,\"height\":592,\"caption\":\"Instituto Neuron\"},\"image\":{\"@id\":\"https:\/\/institutoneuron.com.br\/tratamento-de-aneurisma-cerebral\/#\/schema\/logo\/image\/\"},\"sameAs\":[\"https:\/\/www.facebook.com\/share\/1AK5Z9Gr6K\/?mibextid=wwXIfr\",\"https:\/\/www.instagram.com\/dr.fabriciobuchdid\/\",\"https:\/\/www.linkedin.com\/in\/fabricio-buchdid-cardoso-a278a224\/\"]}]}<\/script>\n<!-- \/ Yoast SEO plugin. -->","yoast_head_json":{"title":"Curriculum | Dr. Fabricio Buchdid Cardoso | Instituto Neuron","description":"Acesse e leia o curr\u00edculo do Dr. Fabricio Buchdid, m\u00e9dico com especialidades em Neurorradiologia Intervencionista e Neurologia Vascular.","robots":{"index":"index","follow":"follow","max-snippet":"max-snippet:-1","max-image-preview":"max-image-preview:large","max-video-preview":"max-video-preview:-1"},"canonical":"https:\/\/institutoneuron.com.br\/tratamento-de-aneurisma-cerebral\/curriculum\/","og_locale":"pt_BR","og_type":"article","og_title":"Curriculum | Dr. Fabricio Buchdid Cardoso | Instituto Neuron","og_description":"Acesse e leia o curr\u00edculo do Dr. Fabricio Buchdid, m\u00e9dico com especialidades em Neurorradiologia Intervencionista e Neurologia Vascular.","og_url":"https:\/\/institutoneuron.com.br\/tratamento-de-aneurisma-cerebral\/curriculum\/","og_site_name":"Instituto Neuron","article_publisher":"https:\/\/www.facebook.com\/share\/1AK5Z9Gr6K\/?mibextid=wwXIfr","article_modified_time":"2025-05-19T14:30:36+00:00","og_image":[{"width":714,"height":669,"url":"https:\/\/institutoneuron.com.br\/tratamento-de-aneurisma-cerebral\/wp-content\/uploads\/2023\/11\/Imagem3-1.png","type":"image\/png"}],"twitter_card":"summary_large_image","twitter_misc":{"Est. tempo de leitura":"2 minutos"},"schema":{"@context":"https:\/\/schema.org","@graph":[{"@type":"WebPage","@id":"https:\/\/institutoneuron.com.br\/tratamento-de-aneurisma-cerebral\/curriculum\/","url":"https:\/\/institutoneuron.com.br\/tratamento-de-aneurisma-cerebral\/curriculum\/","name":"Curriculum | Dr. Fabricio Buchdid Cardoso | Instituto Neuron","isPartOf":{"@id":"https:\/\/institutoneuron.com.br\/tratamento-de-aneurisma-cerebral\/#website"},"primaryImageOfPage":{"@id":"https:\/\/institutoneuron.com.br\/tratamento-de-aneurisma-cerebral\/curriculum\/#primaryimage"},"image":{"@id":"https:\/\/institutoneuron.com.br\/tratamento-de-aneurisma-cerebral\/curriculum\/#primaryimage"},"thumbnailUrl":"https:\/\/institutoneuron.com.br\/tratamento-de-aneurisma-cerebral\/wp-content\/uploads\/2023\/11\/Imagem3-1.png","datePublished":"2020-08-04T09:12:15+00:00","dateModified":"2025-05-19T14:30:36+00:00","description":"Acesse e leia o curr\u00edculo do Dr. Fabricio Buchdid, m\u00e9dico com especialidades em Neurorradiologia Intervencionista e Neurologia Vascular.","breadcrumb":{"@id":"https:\/\/institutoneuron.com.br\/tratamento-de-aneurisma-cerebral\/curriculum\/#breadcrumb"},"inLanguage":"pt-BR","potentialAction":[{"@type":"ReadAction","target":["https:\/\/institutoneuron.com.br\/tratamento-de-aneurisma-cerebral\/curriculum\/"]}]},{"@type":"ImageObject","inLanguage":"pt-BR","@id":"https:\/\/institutoneuron.com.br\/tratamento-de-aneurisma-cerebral\/curriculum\/#primaryimage","url":"https:\/\/institutoneuron.com.br\/tratamento-de-aneurisma-cerebral\/wp-content\/uploads\/2023\/11\/Imagem3-1.png","contentUrl":"https:\/\/institutoneuron.com.br\/tratamento-de-aneurisma-cerebral\/wp-content\/uploads\/2023\/11\/Imagem3-1.png","width":714,"height":669,"caption":"Dr. Fabricio Buchid sentado e mexendo em notebook"},{"@type":"BreadcrumbList","@id":"https:\/\/institutoneuron.com.br\/tratamento-de-aneurisma-cerebral\/curriculum\/#breadcrumb","itemListElement":[{"@type":"ListItem","position":1,"name":"In\u00edcio","item":"https:\/\/institutoneuron.com.br\/tratamento-de-aneurisma-cerebral\/"},{"@type":"ListItem","position":2,"name":"Curriculum"}]},{"@type":"WebSite","@id":"https:\/\/institutoneuron.com.br\/tratamento-de-aneurisma-cerebral\/#website","url":"https:\/\/institutoneuron.com.br\/tratamento-de-aneurisma-cerebral\/","name":"Instituto Neuron","description":"Tratamento de Aneurisma Cerebral","publisher":{"@id":"https:\/\/institutoneuron.com.br\/tratamento-de-aneurisma-cerebral\/#organization"},"potentialAction":[{"@type":"SearchAction","target":{"@type":"EntryPoint","urlTemplate":"https:\/\/institutoneuron.com.br\/tratamento-de-aneurisma-cerebral\/?s={search_term_string}"},"query-input":{"@type":"PropertyValueSpecification","valueRequired":true,"valueName":"search_term_string"}}],"inLanguage":"pt-BR"},{"@type":"Organization","@id":"https:\/\/institutoneuron.com.br\/tratamento-de-aneurisma-cerebral\/#organization","name":"Instituto Neuron","url":"https:\/\/institutoneuron.com.br\/tratamento-de-aneurisma-cerebral\/","logo":{"@type":"ImageObject","inLanguage":"pt-BR","@id":"https:\/\/institutoneuron.com.br\/tratamento-de-aneurisma-cerebral\/#\/schema\/logo\/image\/","url":"https:\/\/institutoneuron.com.br\/tratamento-de-aneurisma-cerebral\/wp-content\/uploads\/2020\/11\/cropped-instituto_neuron_tratamento_de_aneurisma-1.png","contentUrl":"https:\/\/institutoneuron.com.br\/tratamento-de-aneurisma-cerebral\/wp-content\/uploads\/2020\/11\/cropped-instituto_neuron_tratamento_de_aneurisma-1.png","width":1461,"height":592,"caption":"Instituto Neuron"},"image":{"@id":"https:\/\/institutoneuron.com.br\/tratamento-de-aneurisma-cerebral\/#\/schema\/logo\/image\/"},"sameAs":["https:\/\/www.facebook.com\/share\/1AK5Z9Gr6K\/?mibextid=wwXIfr","https:\/\/www.instagram.com\/dr.fabriciobuchdid\/","https:\/\/www.linkedin.com\/in\/fabricio-buchdid-cardoso-a278a224\/"]}]}},"uagb_featured_image_src":{"full":false,"thumbnail":false,"medium":false,"medium_large":false,"large":false,"1536x1536":false,"2048x2048":false},"uagb_author_info":{"display_name":"ocneuron","author_link":"https:\/\/institutoneuron.com.br\/tratamento-de-aneurisma-cerebral\/author\/ocneuron\/"},"uagb_comment_info":0,"uagb_excerpt":"Curriculum Dr. Fabr\u00edcio Buchdid Cardoso Curriculum CRM-SP: 108914 | RQE N\u00ba: 51243Curriculum Lattes: http:\/\/lattes.cnpq.br\/1552651375421553 \u00c9 m\u00e9dico com especialidades em Neurorradiologia Intervencionista e Neurologia\/Neurologia Vascular. Resid\u00eancia m\u00e9dica em Neurologia pela\u00a0UNICAMP\u00a0e\u00a0\u00a0Neurorradiologia Intervervencionista pelo Instituto\u00a0ENERI. Possui mestrado em Neuroci\u00eancias pela\u00a0FCM-UNICAMP.T\u00edtulo de especialista em Neurorradiologia\u00a0pelo Col\u00e9gio Brasileiro de Radiologia.\u00a0T\u00edtulo de especialista em\u00a0Neurologia\u00a0pela Academia Brasileira de Neurologia.Primeiro colocado no concurso&hellip;","_links":{"self":[{"href":"https:\/\/institutoneuron.com.br\/tratamento-de-aneurisma-cerebral\/wp-json\/wp\/v2\/pages\/281","targetHints":{"allow":["GET"]}}],"collection":[{"href":"https:\/\/institutoneuron.com.br\/tratamento-de-aneurisma-cerebral\/wp-json\/wp\/v2\/pages"}],"about":[{"href":"https:\/\/institutoneuron.com.br\/tratamento-de-aneurisma-cerebral\/wp-json\/wp\/v2\/types\/page"}],"author":[{"embeddable":true,"href":"https:\/\/institutoneuron.com.br\/tratamento-de-aneurisma-cerebral\/wp-json\/wp\/v2\/users\/1"}],"replies":[{"embeddable":true,"href":"https:\/\/institutoneuron.com.br\/tratamento-de-aneurisma-cerebral\/wp-json\/wp\/v2\/comments?post=281"}],"version-history":[{"count":48,"href":"https:\/\/institutoneuron.com.br\/tratamento-de-aneurisma-cerebral\/wp-json\/wp\/v2\/pages\/281\/revisions"}],"predecessor-version":[{"id":976,"href":"https:\/\/institutoneuron.com.br\/tratamento-de-aneurisma-cerebral\/wp-json\/wp\/v2\/pages\/281\/revisions\/976"}],"wp:attachment":[{"href":"https:\/\/institutoneuron.com.br\/tratamento-de-aneurisma-cerebral\/wp-json\/wp\/v2\/media?parent=281"}],"curies":[{"name":"wp","href":"https:\/\/api.w.org\/{rel}","templated":true}]}}