{"id":455,"date":"2023-11-23T10:53:40","date_gmt":"2023-11-23T13:53:40","guid":{"rendered":"http:\/\/institutoneuron.com.br\/tratamento-de-aneurisma-cerebral\/?page_id=455"},"modified":"2025-05-19T12:29:56","modified_gmt":"2025-05-19T15:29:56","slug":"entrevistas","status":"publish","type":"page","link":"https:\/\/institutoneuron.com.br\/tratamento-de-aneurisma-cerebral\/entrevistas\/","title":{"rendered":"Entrevistas"},"content":{"rendered":"\n<div class=\"wp-block-uagb-container uagb-block-f66aa926 alignfull uagb-is-root-container\"><div class=\"uagb-container-inner-blocks-wrap\">\n<div class=\"wp-block-uagb-info-box uagb-block-87fca126 uagb-infobox__content-wrap  uagb-infobox-icon-above-title uagb-infobox-image-valign-top\"><div class=\"uagb-ifb-content\"><div class=\"uagb-ifb-title-wrap\"><div class=\"uagb-ifb-separator\"><\/div><h1 class=\"uagb-ifb-title\">Entrevistas\u200b<\/h1><\/div><\/div><\/div>\n<\/div><\/div>\n\n\n\n<div class=\"wp-block-uagb-container uagb-block-71a1159f alignfull uagb-is-root-container\"><div class=\"uagb-container-inner-blocks-wrap\">\n<div class=\"wp-block-uagb-container uagb-block-a1522a2c\">\n<div class=\"wp-block-uagb-container uagb-block-284e7c5e\">\n<div class=\"wp-block-uagb-info-box uagb-block-29271e19 uagb-infobox__content-wrap  uagb-infobox-icon-above-title uagb-infobox-image-valign-top\"><div class=\"uagb-ifb-content\"><div class=\"uagb-ifb-title-wrap\"><div class=\"uagb-ifb-separator\"><\/div><h2 class=\"uagb-ifb-title\">Aneurisma e AVC: entenda o quadro que levou \u00e0 morte da ex-BBB Josy Oliveira<\/h2><\/div><\/div><\/div>\n\n\n\n<div class=\"wp-block-buttons is-layout-flex wp-block-buttons-is-layout-flex\">\n<div class=\"wp-block-button\"><a class=\"wp-block-button__link wp-element-button\" href=\"https:\/\/g1.globo.com\/mg\/zona-da-mata\/noticia\/2021\/09\/05\/aneurisma-e-avc-entenda-o-quadro-que-levou-a-morte-da-ex-bbb-josy-oliveira.ghtml\" target=\"_blank\" rel=\"noreferrer noopener\">Leia mais<\/a><\/div>\n<\/div>\n<\/div>\n\n\n\n<div class=\"wp-block-uagb-container uagb-block-4957ec12\">\n<figure class=\"wp-block-image size-large\"><a href=\"https:\/\/g1.globo.com\/mg\/zona-da-mata\/noticia\/2021\/09\/05\/aneurisma-e-avc-entenda-o-quadro-que-levou-a-morte-da-ex-bbb-josy-oliveira.ghtml\"><img fetchpriority=\"high\" decoding=\"async\" width=\"1030\" height=\"667\" src=\"https:\/\/institutoneuron.com.br\/tratamento-de-aneurisma-cerebral\/wp-content\/uploads\/2023\/10\/Screenshot-2023-10-17-at-16.14.25-e1697553980623-1030x667.png\" alt=\"\" class=\"wp-image-326\" srcset=\"https:\/\/institutoneuron.com.br\/tratamento-de-aneurisma-cerebral\/wp-content\/uploads\/2023\/10\/Screenshot-2023-10-17-at-16.14.25-e1697553980623-1030x667.png 1030w, https:\/\/institutoneuron.com.br\/tratamento-de-aneurisma-cerebral\/wp-content\/uploads\/2023\/10\/Screenshot-2023-10-17-at-16.14.25-e1697553980623-300x194.png 300w, https:\/\/institutoneuron.com.br\/tratamento-de-aneurisma-cerebral\/wp-content\/uploads\/2023\/10\/Screenshot-2023-10-17-at-16.14.25-e1697553980623-768x497.png 768w, https:\/\/institutoneuron.com.br\/tratamento-de-aneurisma-cerebral\/wp-content\/uploads\/2023\/10\/Screenshot-2023-10-17-at-16.14.25-e1697553980623.png 1121w\" sizes=\"(max-width: 1030px) 100vw, 1030px\" \/><\/a><\/figure>\n<\/div>\n<\/div>\n\n\n\n<div class=\"wp-block-uagb-container uagb-block-00f53ba8\">\n<div class=\"wp-block-uagb-container uagb-block-fe8310a8\">\n<div class=\"wp-block-uagb-info-box uagb-block-f6212ae7 uagb-infobox__content-wrap  uagb-infobox-icon-above-title uagb-infobox-image-valign-top\"><div class=\"uagb-ifb-content\"><div class=\"uagb-ifb-title-wrap\"><div class=\"uagb-ifb-separator\"><\/div><h2 class=\"uagb-ifb-title\">HC da Unicamp usa pela 1\u00aa vez t\u00e9cnica de cateterismo cerebral para tratar paciente de AVC<\/h2><\/div><\/div><\/div>\n\n\n\n<div class=\"wp-block-buttons is-layout-flex wp-block-buttons-is-layout-flex\">\n<div class=\"wp-block-button\"><a class=\"wp-block-button__link wp-element-button\" href=\"https:\/\/hc.unicamp.br\/noticia\/2017\/11\/17\/hc-realiza-1o-cateterismo-cerebral-para-tratar-avc-isquemico\/\" target=\"_blank\" rel=\"noreferrer noopener\">Leia mais<\/a><\/div>\n<\/div>\n<\/div>\n\n\n\n<div class=\"wp-block-uagb-container uagb-block-bd2179b8\">\n<figure class=\"wp-block-image size-full\"><a href=\"https:\/\/g1.globo.com\/sp\/campinas-regiao\/noticia\/hc-da-unicamp-usa-pela-1-vez-tecnica-de-cateterismo-cerebral-para-tratar-paciente-de-avc.ghtml\"><img decoding=\"async\" width=\"1000\" height=\"626\" src=\"https:\/\/institutoneuron.com.br\/tratamento-de-aneurisma-cerebral\/wp-content\/uploads\/2023\/10\/medico.webp\" alt=\"\" class=\"wp-image-327\" srcset=\"https:\/\/institutoneuron.com.br\/tratamento-de-aneurisma-cerebral\/wp-content\/uploads\/2023\/10\/medico.webp 1000w, https:\/\/institutoneuron.com.br\/tratamento-de-aneurisma-cerebral\/wp-content\/uploads\/2023\/10\/medico-300x188.webp 300w, https:\/\/institutoneuron.com.br\/tratamento-de-aneurisma-cerebral\/wp-content\/uploads\/2023\/10\/medico-768x481.webp 768w\" sizes=\"(max-width: 1000px) 100vw, 1000px\" \/><\/a><\/figure>\n<\/div>\n<\/div>\n\n\n\n<div class=\"wp-block-buttons is-content-justification-center is-layout-flex wp-container-core-buttons-is-layout-a89b3969 wp-block-buttons-is-layout-flex\">\n<div class=\"wp-block-button\"><a class=\"wp-block-button__link wp-element-button\" href=\"https:\/\/institutoneuron.com.br\/tratamento-de-aneurisma-cerebral\/\">Voltar<\/a><\/div>\n<\/div>\n<\/div><\/div>\n","protected":false},"excerpt":{"rendered":"","protected":false},"author":1,"featured_media":0,"parent":0,"menu_order":0,"comment_status":"closed","ping_status":"closed","template":"","meta":{"_uag_custom_page_level_css":"","site-sidebar-layout":"default","site-content-layout":"","ast-site-content-layout":"default","site-content-style":"default","site-sidebar-style":"default","ast-global-header-display":"","ast-banner-title-visibility":"","ast-main-header-display":"","ast-hfb-above-header-display":"","ast-hfb-below-header-display":"","ast-hfb-mobile-header-display":"","site-post-title":"disabled","ast-breadcrumbs-content":"","ast-featured-img":"","footer-sml-layout":"","theme-transparent-header-meta":"","adv-header-id-meta":"","stick-header-meta":"","header-above-stick-meta":"","header-main-stick-meta":"","header-below-stick-meta":"","astra-migrate-meta-layouts":"set","_joinchat":[],"footnotes":""},"class_list":["post-455","page","type-page","status-publish","hentry"],"yoast_head":"<!-- This site is optimized with the Yoast SEO plugin v27.2 - https:\/\/yoast.com\/product\/yoast-seo-wordpress\/ -->\n<title>Entrevistas | Dr. Fabricio Buchdid | Instituto Neuron<\/title>\n<meta name=\"description\" content=\"Confira entrevistas que o Dr. Fabricio Buchdid deu a ve\u00edculos de comunica\u00e7\u00e3o sobre Neurorradiologia Intervencionista e Neurologia Vascular.\" \/>\n<meta name=\"robots\" content=\"index, follow, max-snippet:-1, max-image-preview:large, max-video-preview:-1\" \/>\n<link rel=\"canonical\" href=\"https:\/\/institutoneuron.com.br\/tratamento-de-aneurisma-cerebral\/entrevistas\/\" \/>\n<meta property=\"og:locale\" content=\"pt_BR\" \/>\n<meta property=\"og:type\" content=\"article\" \/>\n<meta property=\"og:title\" content=\"Entrevistas | Dr. Fabricio Buchdid | Instituto Neuron\" \/>\n<meta property=\"og:description\" content=\"Confira entrevistas que o Dr. Fabricio Buchdid deu a ve\u00edculos de comunica\u00e7\u00e3o sobre Neurorradiologia Intervencionista e Neurologia Vascular.\" \/>\n<meta property=\"og:url\" content=\"https:\/\/institutoneuron.com.br\/tratamento-de-aneurisma-cerebral\/entrevistas\/\" \/>\n<meta property=\"og:site_name\" content=\"Instituto Neuron\" \/>\n<meta property=\"article:publisher\" content=\"https:\/\/www.facebook.com\/share\/1AK5Z9Gr6K\/?mibextid=wwXIfr\" \/>\n<meta property=\"article:modified_time\" content=\"2025-05-19T15:29:56+00:00\" \/>\n<meta property=\"og:image\" content=\"http:\/\/institutoneuron.com.br\/tratamento-de-aneurisma-cerebral\/wp-content\/uploads\/2023\/10\/Screenshot-2023-10-17-at-16.14.25-e1697553980623-1030x667.png\" \/>\n<meta name=\"twitter:card\" content=\"summary_large_image\" \/>\n<meta name=\"twitter:label1\" content=\"Est. tempo de leitura\" \/>\n\t<meta name=\"twitter:data1\" content=\"1 minuto\" \/>\n<script type=\"application\/ld+json\" class=\"yoast-schema-graph\">{\"@context\":\"https:\/\/schema.org\",\"@graph\":[{\"@type\":\"WebPage\",\"@id\":\"https:\/\/institutoneuron.com.br\/tratamento-de-aneurisma-cerebral\/entrevistas\/\",\"url\":\"https:\/\/institutoneuron.com.br\/tratamento-de-aneurisma-cerebral\/entrevistas\/\",\"name\":\"Entrevistas | Dr. Fabricio Buchdid | Instituto Neuron\",\"isPartOf\":{\"@id\":\"https:\/\/institutoneuron.com.br\/tratamento-de-aneurisma-cerebral\/#website\"},\"primaryImageOfPage\":{\"@id\":\"https:\/\/institutoneuron.com.br\/tratamento-de-aneurisma-cerebral\/entrevistas\/#primaryimage\"},\"image\":{\"@id\":\"https:\/\/institutoneuron.com.br\/tratamento-de-aneurisma-cerebral\/entrevistas\/#primaryimage\"},\"thumbnailUrl\":\"http:\/\/institutoneuron.com.br\/tratamento-de-aneurisma-cerebral\/wp-content\/uploads\/2023\/10\/Screenshot-2023-10-17-at-16.14.25-e1697553980623-1030x667.png\",\"datePublished\":\"2023-11-23T13:53:40+00:00\",\"dateModified\":\"2025-05-19T15:29:56+00:00\",\"description\":\"Confira entrevistas que o Dr. Fabricio Buchdid deu a ve\u00edculos de comunica\u00e7\u00e3o sobre Neurorradiologia Intervencionista e Neurologia Vascular.\",\"breadcrumb\":{\"@id\":\"https:\/\/institutoneuron.com.br\/tratamento-de-aneurisma-cerebral\/entrevistas\/#breadcrumb\"},\"inLanguage\":\"pt-BR\",\"potentialAction\":[{\"@type\":\"ReadAction\",\"target\":[\"https:\/\/institutoneuron.com.br\/tratamento-de-aneurisma-cerebral\/entrevistas\/\"]}]},{\"@type\":\"ImageObject\",\"inLanguage\":\"pt-BR\",\"@id\":\"https:\/\/institutoneuron.com.br\/tratamento-de-aneurisma-cerebral\/entrevistas\/#primaryimage\",\"url\":\"http:\/\/institutoneuron.com.br\/tratamento-de-aneurisma-cerebral\/wp-content\/uploads\/2023\/10\/Screenshot-2023-10-17-at-16.14.25-e1697553980623-1030x667.png\",\"contentUrl\":\"http:\/\/institutoneuron.com.br\/tratamento-de-aneurisma-cerebral\/wp-content\/uploads\/2023\/10\/Screenshot-2023-10-17-at-16.14.25-e1697553980623-1030x667.png\"},{\"@type\":\"BreadcrumbList\",\"@id\":\"https:\/\/institutoneuron.com.br\/tratamento-de-aneurisma-cerebral\/entrevistas\/#breadcrumb\",\"itemListElement\":[{\"@type\":\"ListItem\",\"position\":1,\"name\":\"In\u00edcio\",\"item\":\"https:\/\/institutoneuron.com.br\/tratamento-de-aneurisma-cerebral\/\"},{\"@type\":\"ListItem\",\"position\":2,\"name\":\"Entrevistas\"}]},{\"@type\":\"WebSite\",\"@id\":\"https:\/\/institutoneuron.com.br\/tratamento-de-aneurisma-cerebral\/#website\",\"url\":\"https:\/\/institutoneuron.com.br\/tratamento-de-aneurisma-cerebral\/\",\"name\":\"Instituto Neuron\",\"description\":\"Tratamento de Aneurisma Cerebral\",\"publisher\":{\"@id\":\"https:\/\/institutoneuron.com.br\/tratamento-de-aneurisma-cerebral\/#organization\"},\"potentialAction\":[{\"@type\":\"SearchAction\",\"target\":{\"@type\":\"EntryPoint\",\"urlTemplate\":\"https:\/\/institutoneuron.com.br\/tratamento-de-aneurisma-cerebral\/?s={search_term_string}\"},\"query-input\":{\"@type\":\"PropertyValueSpecification\",\"valueRequired\":true,\"valueName\":\"search_term_string\"}}],\"inLanguage\":\"pt-BR\"},{\"@type\":\"Organization\",\"@id\":\"https:\/\/institutoneuron.com.br\/tratamento-de-aneurisma-cerebral\/#organization\",\"name\":\"Instituto Neuron\",\"url\":\"https:\/\/institutoneuron.com.br\/tratamento-de-aneurisma-cerebral\/\",\"logo\":{\"@type\":\"ImageObject\",\"inLanguage\":\"pt-BR\",\"@id\":\"https:\/\/institutoneuron.com.br\/tratamento-de-aneurisma-cerebral\/#\/schema\/logo\/image\/\",\"url\":\"https:\/\/institutoneuron.com.br\/tratamento-de-aneurisma-cerebral\/wp-content\/uploads\/2020\/11\/cropped-instituto_neuron_tratamento_de_aneurisma-1.png\",\"contentUrl\":\"https:\/\/institutoneuron.com.br\/tratamento-de-aneurisma-cerebral\/wp-content\/uploads\/2020\/11\/cropped-instituto_neuron_tratamento_de_aneurisma-1.png\",\"width\":1461,\"height\":592,\"caption\":\"Instituto Neuron\"},\"image\":{\"@id\":\"https:\/\/institutoneuron.com.br\/tratamento-de-aneurisma-cerebral\/#\/schema\/logo\/image\/\"},\"sameAs\":[\"https:\/\/www.facebook.com\/share\/1AK5Z9Gr6K\/?mibextid=wwXIfr\",\"https:\/\/www.instagram.com\/dr.fabriciobuchdid\/\",\"https:\/\/www.linkedin.com\/in\/fabricio-buchdid-cardoso-a278a224\/\"]}]}<\/script>\n<!-- \/ Yoast SEO plugin. -->","yoast_head_json":{"title":"Entrevistas | Dr. Fabricio Buchdid | Instituto Neuron","description":"Confira entrevistas que o Dr. Fabricio Buchdid deu a ve\u00edculos de comunica\u00e7\u00e3o sobre Neurorradiologia Intervencionista e Neurologia Vascular.","robots":{"index":"index","follow":"follow","max-snippet":"max-snippet:-1","max-image-preview":"max-image-preview:large","max-video-preview":"max-video-preview:-1"},"canonical":"https:\/\/institutoneuron.com.br\/tratamento-de-aneurisma-cerebral\/entrevistas\/","og_locale":"pt_BR","og_type":"article","og_title":"Entrevistas | Dr. Fabricio Buchdid | Instituto Neuron","og_description":"Confira entrevistas que o Dr. Fabricio Buchdid deu a ve\u00edculos de comunica\u00e7\u00e3o sobre Neurorradiologia Intervencionista e Neurologia Vascular.","og_url":"https:\/\/institutoneuron.com.br\/tratamento-de-aneurisma-cerebral\/entrevistas\/","og_site_name":"Instituto Neuron","article_publisher":"https:\/\/www.facebook.com\/share\/1AK5Z9Gr6K\/?mibextid=wwXIfr","article_modified_time":"2025-05-19T15:29:56+00:00","og_image":[{"url":"http:\/\/institutoneuron.com.br\/tratamento-de-aneurisma-cerebral\/wp-content\/uploads\/2023\/10\/Screenshot-2023-10-17-at-16.14.25-e1697553980623-1030x667.png","type":"","width":"","height":""}],"twitter_card":"summary_large_image","twitter_misc":{"Est. tempo de leitura":"1 minuto"},"schema":{"@context":"https:\/\/schema.org","@graph":[{"@type":"WebPage","@id":"https:\/\/institutoneuron.com.br\/tratamento-de-aneurisma-cerebral\/entrevistas\/","url":"https:\/\/institutoneuron.com.br\/tratamento-de-aneurisma-cerebral\/entrevistas\/","name":"Entrevistas | Dr. Fabricio Buchdid | Instituto Neuron","isPartOf":{"@id":"https:\/\/institutoneuron.com.br\/tratamento-de-aneurisma-cerebral\/#website"},"primaryImageOfPage":{"@id":"https:\/\/institutoneuron.com.br\/tratamento-de-aneurisma-cerebral\/entrevistas\/#primaryimage"},"image":{"@id":"https:\/\/institutoneuron.com.br\/tratamento-de-aneurisma-cerebral\/entrevistas\/#primaryimage"},"thumbnailUrl":"http:\/\/institutoneuron.com.br\/tratamento-de-aneurisma-cerebral\/wp-content\/uploads\/2023\/10\/Screenshot-2023-10-17-at-16.14.25-e1697553980623-1030x667.png","datePublished":"2023-11-23T13:53:40+00:00","dateModified":"2025-05-19T15:29:56+00:00","description":"Confira entrevistas que o Dr. Fabricio Buchdid deu a ve\u00edculos de comunica\u00e7\u00e3o sobre Neurorradiologia Intervencionista e Neurologia Vascular.","breadcrumb":{"@id":"https:\/\/institutoneuron.com.br\/tratamento-de-aneurisma-cerebral\/entrevistas\/#breadcrumb"},"inLanguage":"pt-BR","potentialAction":[{"@type":"ReadAction","target":["https:\/\/institutoneuron.com.br\/tratamento-de-aneurisma-cerebral\/entrevistas\/"]}]},{"@type":"ImageObject","inLanguage":"pt-BR","@id":"https:\/\/institutoneuron.com.br\/tratamento-de-aneurisma-cerebral\/entrevistas\/#primaryimage","url":"http:\/\/institutoneuron.com.br\/tratamento-de-aneurisma-cerebral\/wp-content\/uploads\/2023\/10\/Screenshot-2023-10-17-at-16.14.25-e1697553980623-1030x667.png","contentUrl":"http:\/\/institutoneuron.com.br\/tratamento-de-aneurisma-cerebral\/wp-content\/uploads\/2023\/10\/Screenshot-2023-10-17-at-16.14.25-e1697553980623-1030x667.png"},{"@type":"BreadcrumbList","@id":"https:\/\/institutoneuron.com.br\/tratamento-de-aneurisma-cerebral\/entrevistas\/#breadcrumb","itemListElement":[{"@type":"ListItem","position":1,"name":"In\u00edcio","item":"https:\/\/institutoneuron.com.br\/tratamento-de-aneurisma-cerebral\/"},{"@type":"ListItem","position":2,"name":"Entrevistas"}]},{"@type":"WebSite","@id":"https:\/\/institutoneuron.com.br\/tratamento-de-aneurisma-cerebral\/#website","url":"https:\/\/institutoneuron.com.br\/tratamento-de-aneurisma-cerebral\/","name":"Instituto Neuron","description":"Tratamento de Aneurisma Cerebral","publisher":{"@id":"https:\/\/institutoneuron.com.br\/tratamento-de-aneurisma-cerebral\/#organization"},"potentialAction":[{"@type":"SearchAction","target":{"@type":"EntryPoint","urlTemplate":"https:\/\/institutoneuron.com.br\/tratamento-de-aneurisma-cerebral\/?s={search_term_string}"},"query-input":{"@type":"PropertyValueSpecification","valueRequired":true,"valueName":"search_term_string"}}],"inLanguage":"pt-BR"},{"@type":"Organization","@id":"https:\/\/institutoneuron.com.br\/tratamento-de-aneurisma-cerebral\/#organization","name":"Instituto Neuron","url":"https:\/\/institutoneuron.com.br\/tratamento-de-aneurisma-cerebral\/","logo":{"@type":"ImageObject","inLanguage":"pt-BR","@id":"https:\/\/institutoneuron.com.br\/tratamento-de-aneurisma-cerebral\/#\/schema\/logo\/image\/","url":"https:\/\/institutoneuron.com.br\/tratamento-de-aneurisma-cerebral\/wp-content\/uploads\/2020\/11\/cropped-instituto_neuron_tratamento_de_aneurisma-1.png","contentUrl":"https:\/\/institutoneuron.com.br\/tratamento-de-aneurisma-cerebral\/wp-content\/uploads\/2020\/11\/cropped-instituto_neuron_tratamento_de_aneurisma-1.png","width":1461,"height":592,"caption":"Instituto Neuron"},"image":{"@id":"https:\/\/institutoneuron.com.br\/tratamento-de-aneurisma-cerebral\/#\/schema\/logo\/image\/"},"sameAs":["https:\/\/www.facebook.com\/share\/1AK5Z9Gr6K\/?mibextid=wwXIfr","https:\/\/www.instagram.com\/dr.fabriciobuchdid\/","https:\/\/www.linkedin.com\/in\/fabricio-buchdid-cardoso-a278a224\/"]}]}},"uagb_featured_image_src":{"full":false,"thumbnail":false,"medium":false,"medium_large":false,"large":false,"1536x1536":false,"2048x2048":false},"uagb_author_info":{"display_name":"ocneuron","author_link":"https:\/\/institutoneuron.com.br\/tratamento-de-aneurisma-cerebral\/author\/ocneuron\/"},"uagb_comment_info":0,"uagb_excerpt":null,"_links":{"self":[{"href":"https:\/\/institutoneuron.com.br\/tratamento-de-aneurisma-cerebral\/wp-json\/wp\/v2\/pages\/455","targetHints":{"allow":["GET"]}}],"collection":[{"href":"https:\/\/institutoneuron.com.br\/tratamento-de-aneurisma-cerebral\/wp-json\/wp\/v2\/pages"}],"about":[{"href":"https:\/\/institutoneuron.com.br\/tratamento-de-aneurisma-cerebral\/wp-json\/wp\/v2\/types\/page"}],"author":[{"embeddable":true,"href":"https:\/\/institutoneuron.com.br\/tratamento-de-aneurisma-cerebral\/wp-json\/wp\/v2\/users\/1"}],"replies":[{"embeddable":true,"href":"https:\/\/institutoneuron.com.br\/tratamento-de-aneurisma-cerebral\/wp-json\/wp\/v2\/comments?post=455"}],"version-history":[{"count":13,"href":"https:\/\/institutoneuron.com.br\/tratamento-de-aneurisma-cerebral\/wp-json\/wp\/v2\/pages\/455\/revisions"}],"predecessor-version":[{"id":978,"href":"https:\/\/institutoneuron.com.br\/tratamento-de-aneurisma-cerebral\/wp-json\/wp\/v2\/pages\/455\/revisions\/978"}],"wp:attachment":[{"href":"https:\/\/institutoneuron.com.br\/tratamento-de-aneurisma-cerebral\/wp-json\/wp\/v2\/media?parent=455"}],"curies":[{"name":"wp","href":"https:\/\/api.w.org\/{rel}","templated":true}]}}