{"id":522,"date":"2023-11-27T05:05:27","date_gmt":"2023-11-27T08:05:27","guid":{"rendered":"http:\/\/institutoneuron.com.br\/tratamento-de-aneurisma-cerebral\/?page_id=522"},"modified":"2025-05-19T11:36:44","modified_gmt":"2025-05-19T14:36:44","slug":"imagens","status":"publish","type":"page","link":"https:\/\/institutoneuron.com.br\/tratamento-de-aneurisma-cerebral\/imagens\/","title":{"rendered":"Imagens"},"content":{"rendered":"\n<div class=\"wp-block-uagb-container uagb-block-d15f3b51 alignfull uagb-is-root-container\"><div class=\"uagb-container-inner-blocks-wrap\">\n<div class=\"wp-block-uagb-info-box uagb-block-9f60b732 uagb-infobox__content-wrap  uagb-infobox-icon-above-title uagb-infobox-image-valign-top\"><div class=\"uagb-ifb-content\"><div class=\"uagb-ifb-title-wrap\"><div class=\"uagb-ifb-separator\"><\/div><h1 class=\"uagb-ifb-title\">Imagens<\/h1><\/div><\/div><\/div>\n<\/div><\/div>\n\n\n\n<div class=\"wp-block-uagb-container uagb-block-27af8c58 alignfull uagb-is-root-container\"><div class=\"uagb-container-inner-blocks-wrap\"><\/div><\/div>\n\n\n\n<div class=\"wp-block-uagb-container uagb-block-0d17d5e2 alignfull uagb-is-root-container\"><div class=\"uagb-container-inner-blocks-wrap\">\n<div class=\"wp-block-uagb-container uagb-block-2af2b143\">\n<div class=\"wp-block-uagb-container uagb-block-c10c6e84\">\n<div class=\"wp-block-uagb-image aligncenter uagb-block-ae20789f wp-block-uagb-image--layout-default wp-block-uagb-image--effect-static wp-block-uagb-image--align-center\"><figure class=\"wp-block-uagb-image__figure\"><img loading=\"lazy\" decoding=\"async\" srcset=\"https:\/\/institutoneuron.com.br\/tratamento-de-aneurisma-cerebral\/wp-content\/uploads\/2023\/11\/Figura-18-1030x1030.png ,https:\/\/institutoneuron.com.br\/tratamento-de-aneurisma-cerebral\/wp-content\/uploads\/2023\/11\/Figura-18.png 780w, https:\/\/institutoneuron.com.br\/tratamento-de-aneurisma-cerebral\/wp-content\/uploads\/2023\/11\/Figura-18.png 360w\" sizes=\"auto, (max-width: 480px) 150px\" src=\"https:\/\/institutoneuron.com.br\/tratamento-de-aneurisma-cerebral\/wp-content\/uploads\/2023\/11\/Figura-18-1030x1030.png\" alt=\"\" class=\"uag-image-525\" width=\"1030\" height=\"1030\" title=\"\" loading=\"lazy\"\/><\/figure><\/div>\n<\/div>\n<\/div>\n\n\n\n<div class=\"wp-block-uagb-container uagb-block-d3ecfb88\">\n<div class=\"wp-block-uagb-container uagb-block-62613587\">\n<div class=\"wp-block-uagb-image aligncenter uagb-block-b03c546d wp-block-uagb-image--layout-default wp-block-uagb-image--effect-static wp-block-uagb-image--align-center\"><figure class=\"wp-block-uagb-image__figure\"><img loading=\"lazy\" decoding=\"async\" srcset=\"https:\/\/institutoneuron.com.br\/tratamento-de-aneurisma-cerebral\/wp-content\/uploads\/2023\/11\/Figura-19-1030x1030.png ,https:\/\/institutoneuron.com.br\/tratamento-de-aneurisma-cerebral\/wp-content\/uploads\/2023\/11\/Figura-19.png 780w, https:\/\/institutoneuron.com.br\/tratamento-de-aneurisma-cerebral\/wp-content\/uploads\/2023\/11\/Figura-19.png 360w\" sizes=\"auto, (max-width: 480px) 150px\" src=\"https:\/\/institutoneuron.com.br\/tratamento-de-aneurisma-cerebral\/wp-content\/uploads\/2023\/11\/Figura-19-1030x1030.png\" alt=\"\" class=\"uag-image-526\" width=\"1030\" height=\"1030\" title=\"\" loading=\"lazy\"\/><\/figure><\/div>\n<\/div>\n<\/div>\n\n\n\n<div class=\"wp-block-uagb-container uagb-block-eaa00356\">\n<div class=\"wp-block-uagb-container uagb-block-3e094b31\">\n<div class=\"wp-block-uagb-image aligncenter uagb-block-4f4fcc67 wp-block-uagb-image--layout-default wp-block-uagb-image--effect-static wp-block-uagb-image--align-center\"><figure class=\"wp-block-uagb-image__figure\"><img loading=\"lazy\" decoding=\"async\" srcset=\"https:\/\/institutoneuron.com.br\/tratamento-de-aneurisma-cerebral\/wp-content\/uploads\/2023\/11\/Figura-17-300x300.png ,https:\/\/institutoneuron.com.br\/tratamento-de-aneurisma-cerebral\/wp-content\/uploads\/2023\/11\/Figura-17.png 780w, https:\/\/institutoneuron.com.br\/tratamento-de-aneurisma-cerebral\/wp-content\/uploads\/2023\/11\/Figura-17.png 360w\" sizes=\"auto, (max-width: 480px) 150px\" src=\"https:\/\/institutoneuron.com.br\/tratamento-de-aneurisma-cerebral\/wp-content\/uploads\/2023\/11\/Figura-17-300x300.png\" alt=\"\" class=\"uag-image-524\" width=\"300\" height=\"300\" title=\"\" loading=\"lazy\"\/><\/figure><\/div>\n\n\n\n<p>Seta Amarela: Aneurisma em bifurca\u00e7\u00e3o<br>Seta branca: Aneurisma pr\u00e9 tratamento<br>Seta Azul: Tratado com Dispositivo intra aneurism\u00e1tico<br>Seta Verde: Aus\u00eancia de Aneurisma &#8211; Tratado<\/p>\n<\/div>\n<\/div>\n\n\n\n<div class=\"wp-block-uagb-buttons uagb-buttons__outer-wrap uagb-btn__default-btn uagb-btn-tablet__default-btn uagb-btn-mobile__default-btn uagb-block-71d426e6\"><div class=\"uagb-buttons__wrap uagb-buttons-layout-wrap\">\n<div class=\"wp-block-uagb-buttons-child uagb-buttons__outer-wrap uagb-block-687499e6 wp-block-button\"><div class=\"uagb-button__wrapper\"><a class=\"uagb-buttons-repeater wp-block-button__link\" href=\"https:\/\/institutoneuron.com.br\/tratamento-de-aneurisma-cerebral\/\" onclick=\"return true;\" rel=\"follow noopener\" target=\"_self\"><div class=\"uagb-button__link\">Voltar<\/div><\/a><\/div><\/div>\n<\/div><\/div>\n<\/div><\/div>\n","protected":false},"excerpt":{"rendered":"<p>Seta Amarela: Aneurisma em bifurca\u00e7\u00e3oSeta branca: Aneurisma pr\u00e9 tratamentoSeta Azul: Tratado com Dispositivo intra aneurism\u00e1ticoSeta Verde: Aus\u00eancia de Aneurisma &#8211; Tratado<\/p>\n","protected":false},"author":1,"featured_media":0,"parent":0,"menu_order":0,"comment_status":"closed","ping_status":"closed","template":"","meta":{"_uag_custom_page_level_css":"","site-sidebar-layout":"default","site-content-layout":"","ast-site-content-layout":"default","site-content-style":"default","site-sidebar-style":"default","ast-global-header-display":"","ast-banner-title-visibility":"","ast-main-header-display":"","ast-hfb-above-header-display":"","ast-hfb-below-header-display":"","ast-hfb-mobile-header-display":"","site-post-title":"disabled","ast-breadcrumbs-content":"","ast-featured-img":"","footer-sml-layout":"","theme-transparent-header-meta":"","adv-header-id-meta":"","stick-header-meta":"","header-above-stick-meta":"","header-main-stick-meta":"","header-below-stick-meta":"","astra-migrate-meta-layouts":"set","_joinchat":[],"footnotes":""},"class_list":["post-522","page","type-page","status-publish","hentry"],"yoast_head":"<!-- This site is optimized with the Yoast SEO plugin v27.2 - https:\/\/yoast.com\/product\/yoast-seo-wordpress\/ -->\n<title>Imagens sobre Aneurisma | Instituto Neuron<\/title>\n<meta name=\"description\" content=\"Acesse e confira imagens explicativas sobre aneurismas.\" \/>\n<meta name=\"robots\" content=\"index, follow, max-snippet:-1, max-image-preview:large, max-video-preview:-1\" \/>\n<link rel=\"canonical\" href=\"https:\/\/institutoneuron.com.br\/tratamento-de-aneurisma-cerebral\/imagens\/\" \/>\n<meta property=\"og:locale\" content=\"pt_BR\" \/>\n<meta property=\"og:type\" content=\"article\" \/>\n<meta property=\"og:title\" content=\"Imagens sobre Aneurisma | Instituto Neuron\" \/>\n<meta property=\"og:description\" content=\"Acesse e confira imagens explicativas sobre aneurismas.\" \/>\n<meta property=\"og:url\" content=\"https:\/\/institutoneuron.com.br\/tratamento-de-aneurisma-cerebral\/imagens\/\" \/>\n<meta property=\"og:site_name\" content=\"Instituto Neuron\" \/>\n<meta property=\"article:publisher\" content=\"https:\/\/www.facebook.com\/share\/1AK5Z9Gr6K\/?mibextid=wwXIfr\" \/>\n<meta property=\"article:modified_time\" content=\"2025-05-19T14:36:44+00:00\" \/>\n<meta property=\"og:image\" content=\"https:\/\/institutoneuron.com.br\/tratamento-de-aneurisma-cerebral\/wp-content\/uploads\/2023\/11\/Figura-18-1030x1030.png\" \/>\n<meta name=\"twitter:card\" content=\"summary_large_image\" \/>\n<meta name=\"twitter:label1\" content=\"Est. tempo de leitura\" \/>\n\t<meta name=\"twitter:data1\" content=\"1 minuto\" \/>\n<script type=\"application\/ld+json\" class=\"yoast-schema-graph\">{\"@context\":\"https:\/\/schema.org\",\"@graph\":[{\"@type\":\"WebPage\",\"@id\":\"https:\/\/institutoneuron.com.br\/tratamento-de-aneurisma-cerebral\/imagens\/\",\"url\":\"https:\/\/institutoneuron.com.br\/tratamento-de-aneurisma-cerebral\/imagens\/\",\"name\":\"Imagens sobre Aneurisma | Instituto Neuron\",\"isPartOf\":{\"@id\":\"https:\/\/institutoneuron.com.br\/tratamento-de-aneurisma-cerebral\/#website\"},\"primaryImageOfPage\":{\"@id\":\"https:\/\/institutoneuron.com.br\/tratamento-de-aneurisma-cerebral\/imagens\/#primaryimage\"},\"image\":{\"@id\":\"https:\/\/institutoneuron.com.br\/tratamento-de-aneurisma-cerebral\/imagens\/#primaryimage\"},\"thumbnailUrl\":\"https:\/\/institutoneuron.com.br\/tratamento-de-aneurisma-cerebral\/wp-content\/uploads\/2023\/11\/Figura-18-1030x1030.png\",\"datePublished\":\"2023-11-27T08:05:27+00:00\",\"dateModified\":\"2025-05-19T14:36:44+00:00\",\"description\":\"Acesse e confira imagens explicativas sobre aneurismas.\",\"breadcrumb\":{\"@id\":\"https:\/\/institutoneuron.com.br\/tratamento-de-aneurisma-cerebral\/imagens\/#breadcrumb\"},\"inLanguage\":\"pt-BR\",\"potentialAction\":[{\"@type\":\"ReadAction\",\"target\":[\"https:\/\/institutoneuron.com.br\/tratamento-de-aneurisma-cerebral\/imagens\/\"]}]},{\"@type\":\"ImageObject\",\"inLanguage\":\"pt-BR\",\"@id\":\"https:\/\/institutoneuron.com.br\/tratamento-de-aneurisma-cerebral\/imagens\/#primaryimage\",\"url\":\"https:\/\/institutoneuron.com.br\/tratamento-de-aneurisma-cerebral\/wp-content\/uploads\/2023\/11\/Figura-18-1030x1030.png\",\"contentUrl\":\"https:\/\/institutoneuron.com.br\/tratamento-de-aneurisma-cerebral\/wp-content\/uploads\/2023\/11\/Figura-18-1030x1030.png\"},{\"@type\":\"BreadcrumbList\",\"@id\":\"https:\/\/institutoneuron.com.br\/tratamento-de-aneurisma-cerebral\/imagens\/#breadcrumb\",\"itemListElement\":[{\"@type\":\"ListItem\",\"position\":1,\"name\":\"In\u00edcio\",\"item\":\"https:\/\/institutoneuron.com.br\/tratamento-de-aneurisma-cerebral\/\"},{\"@type\":\"ListItem\",\"position\":2,\"name\":\"Imagens\"}]},{\"@type\":\"WebSite\",\"@id\":\"https:\/\/institutoneuron.com.br\/tratamento-de-aneurisma-cerebral\/#website\",\"url\":\"https:\/\/institutoneuron.com.br\/tratamento-de-aneurisma-cerebral\/\",\"name\":\"Instituto Neuron\",\"description\":\"Tratamento de Aneurisma Cerebral\",\"publisher\":{\"@id\":\"https:\/\/institutoneuron.com.br\/tratamento-de-aneurisma-cerebral\/#organization\"},\"potentialAction\":[{\"@type\":\"SearchAction\",\"target\":{\"@type\":\"EntryPoint\",\"urlTemplate\":\"https:\/\/institutoneuron.com.br\/tratamento-de-aneurisma-cerebral\/?s={search_term_string}\"},\"query-input\":{\"@type\":\"PropertyValueSpecification\",\"valueRequired\":true,\"valueName\":\"search_term_string\"}}],\"inLanguage\":\"pt-BR\"},{\"@type\":\"Organization\",\"@id\":\"https:\/\/institutoneuron.com.br\/tratamento-de-aneurisma-cerebral\/#organization\",\"name\":\"Instituto Neuron\",\"url\":\"https:\/\/institutoneuron.com.br\/tratamento-de-aneurisma-cerebral\/\",\"logo\":{\"@type\":\"ImageObject\",\"inLanguage\":\"pt-BR\",\"@id\":\"https:\/\/institutoneuron.com.br\/tratamento-de-aneurisma-cerebral\/#\/schema\/logo\/image\/\",\"url\":\"https:\/\/institutoneuron.com.br\/tratamento-de-aneurisma-cerebral\/wp-content\/uploads\/2020\/11\/cropped-instituto_neuron_tratamento_de_aneurisma-1.png\",\"contentUrl\":\"https:\/\/institutoneuron.com.br\/tratamento-de-aneurisma-cerebral\/wp-content\/uploads\/2020\/11\/cropped-instituto_neuron_tratamento_de_aneurisma-1.png\",\"width\":1461,\"height\":592,\"caption\":\"Instituto Neuron\"},\"image\":{\"@id\":\"https:\/\/institutoneuron.com.br\/tratamento-de-aneurisma-cerebral\/#\/schema\/logo\/image\/\"},\"sameAs\":[\"https:\/\/www.facebook.com\/share\/1AK5Z9Gr6K\/?mibextid=wwXIfr\",\"https:\/\/www.instagram.com\/dr.fabriciobuchdid\/\",\"https:\/\/www.linkedin.com\/in\/fabricio-buchdid-cardoso-a278a224\/\"]}]}<\/script>\n<!-- \/ Yoast SEO plugin. -->","yoast_head_json":{"title":"Imagens sobre Aneurisma | Instituto Neuron","description":"Acesse e confira imagens explicativas sobre aneurismas.","robots":{"index":"index","follow":"follow","max-snippet":"max-snippet:-1","max-image-preview":"max-image-preview:large","max-video-preview":"max-video-preview:-1"},"canonical":"https:\/\/institutoneuron.com.br\/tratamento-de-aneurisma-cerebral\/imagens\/","og_locale":"pt_BR","og_type":"article","og_title":"Imagens sobre Aneurisma | Instituto Neuron","og_description":"Acesse e confira imagens explicativas sobre aneurismas.","og_url":"https:\/\/institutoneuron.com.br\/tratamento-de-aneurisma-cerebral\/imagens\/","og_site_name":"Instituto Neuron","article_publisher":"https:\/\/www.facebook.com\/share\/1AK5Z9Gr6K\/?mibextid=wwXIfr","article_modified_time":"2025-05-19T14:36:44+00:00","og_image":[{"url":"https:\/\/institutoneuron.com.br\/tratamento-de-aneurisma-cerebral\/wp-content\/uploads\/2023\/11\/Figura-18-1030x1030.png","type":"","width":"","height":""}],"twitter_card":"summary_large_image","twitter_misc":{"Est. tempo de leitura":"1 minuto"},"schema":{"@context":"https:\/\/schema.org","@graph":[{"@type":"WebPage","@id":"https:\/\/institutoneuron.com.br\/tratamento-de-aneurisma-cerebral\/imagens\/","url":"https:\/\/institutoneuron.com.br\/tratamento-de-aneurisma-cerebral\/imagens\/","name":"Imagens sobre Aneurisma | Instituto Neuron","isPartOf":{"@id":"https:\/\/institutoneuron.com.br\/tratamento-de-aneurisma-cerebral\/#website"},"primaryImageOfPage":{"@id":"https:\/\/institutoneuron.com.br\/tratamento-de-aneurisma-cerebral\/imagens\/#primaryimage"},"image":{"@id":"https:\/\/institutoneuron.com.br\/tratamento-de-aneurisma-cerebral\/imagens\/#primaryimage"},"thumbnailUrl":"https:\/\/institutoneuron.com.br\/tratamento-de-aneurisma-cerebral\/wp-content\/uploads\/2023\/11\/Figura-18-1030x1030.png","datePublished":"2023-11-27T08:05:27+00:00","dateModified":"2025-05-19T14:36:44+00:00","description":"Acesse e confira imagens explicativas sobre aneurismas.","breadcrumb":{"@id":"https:\/\/institutoneuron.com.br\/tratamento-de-aneurisma-cerebral\/imagens\/#breadcrumb"},"inLanguage":"pt-BR","potentialAction":[{"@type":"ReadAction","target":["https:\/\/institutoneuron.com.br\/tratamento-de-aneurisma-cerebral\/imagens\/"]}]},{"@type":"ImageObject","inLanguage":"pt-BR","@id":"https:\/\/institutoneuron.com.br\/tratamento-de-aneurisma-cerebral\/imagens\/#primaryimage","url":"https:\/\/institutoneuron.com.br\/tratamento-de-aneurisma-cerebral\/wp-content\/uploads\/2023\/11\/Figura-18-1030x1030.png","contentUrl":"https:\/\/institutoneuron.com.br\/tratamento-de-aneurisma-cerebral\/wp-content\/uploads\/2023\/11\/Figura-18-1030x1030.png"},{"@type":"BreadcrumbList","@id":"https:\/\/institutoneuron.com.br\/tratamento-de-aneurisma-cerebral\/imagens\/#breadcrumb","itemListElement":[{"@type":"ListItem","position":1,"name":"In\u00edcio","item":"https:\/\/institutoneuron.com.br\/tratamento-de-aneurisma-cerebral\/"},{"@type":"ListItem","position":2,"name":"Imagens"}]},{"@type":"WebSite","@id":"https:\/\/institutoneuron.com.br\/tratamento-de-aneurisma-cerebral\/#website","url":"https:\/\/institutoneuron.com.br\/tratamento-de-aneurisma-cerebral\/","name":"Instituto Neuron","description":"Tratamento de Aneurisma Cerebral","publisher":{"@id":"https:\/\/institutoneuron.com.br\/tratamento-de-aneurisma-cerebral\/#organization"},"potentialAction":[{"@type":"SearchAction","target":{"@type":"EntryPoint","urlTemplate":"https:\/\/institutoneuron.com.br\/tratamento-de-aneurisma-cerebral\/?s={search_term_string}"},"query-input":{"@type":"PropertyValueSpecification","valueRequired":true,"valueName":"search_term_string"}}],"inLanguage":"pt-BR"},{"@type":"Organization","@id":"https:\/\/institutoneuron.com.br\/tratamento-de-aneurisma-cerebral\/#organization","name":"Instituto Neuron","url":"https:\/\/institutoneuron.com.br\/tratamento-de-aneurisma-cerebral\/","logo":{"@type":"ImageObject","inLanguage":"pt-BR","@id":"https:\/\/institutoneuron.com.br\/tratamento-de-aneurisma-cerebral\/#\/schema\/logo\/image\/","url":"https:\/\/institutoneuron.com.br\/tratamento-de-aneurisma-cerebral\/wp-content\/uploads\/2020\/11\/cropped-instituto_neuron_tratamento_de_aneurisma-1.png","contentUrl":"https:\/\/institutoneuron.com.br\/tratamento-de-aneurisma-cerebral\/wp-content\/uploads\/2020\/11\/cropped-instituto_neuron_tratamento_de_aneurisma-1.png","width":1461,"height":592,"caption":"Instituto Neuron"},"image":{"@id":"https:\/\/institutoneuron.com.br\/tratamento-de-aneurisma-cerebral\/#\/schema\/logo\/image\/"},"sameAs":["https:\/\/www.facebook.com\/share\/1AK5Z9Gr6K\/?mibextid=wwXIfr","https:\/\/www.instagram.com\/dr.fabriciobuchdid\/","https:\/\/www.linkedin.com\/in\/fabricio-buchdid-cardoso-a278a224\/"]}]}},"uagb_featured_image_src":{"full":false,"thumbnail":false,"medium":false,"medium_large":false,"large":false,"1536x1536":false,"2048x2048":false},"uagb_author_info":{"display_name":"ocneuron","author_link":"https:\/\/institutoneuron.com.br\/tratamento-de-aneurisma-cerebral\/author\/ocneuron\/"},"uagb_comment_info":0,"uagb_excerpt":"Seta Amarela: Aneurisma em bifurca\u00e7\u00e3oSeta branca: Aneurisma pr\u00e9 tratamentoSeta Azul: Tratado com Dispositivo intra aneurism\u00e1ticoSeta Verde: Aus\u00eancia de Aneurisma &#8211; Tratado","_links":{"self":[{"href":"https:\/\/institutoneuron.com.br\/tratamento-de-aneurisma-cerebral\/wp-json\/wp\/v2\/pages\/522","targetHints":{"allow":["GET"]}}],"collection":[{"href":"https:\/\/institutoneuron.com.br\/tratamento-de-aneurisma-cerebral\/wp-json\/wp\/v2\/pages"}],"about":[{"href":"https:\/\/institutoneuron.com.br\/tratamento-de-aneurisma-cerebral\/wp-json\/wp\/v2\/types\/page"}],"author":[{"embeddable":true,"href":"https:\/\/institutoneuron.com.br\/tratamento-de-aneurisma-cerebral\/wp-json\/wp\/v2\/users\/1"}],"replies":[{"embeddable":true,"href":"https:\/\/institutoneuron.com.br\/tratamento-de-aneurisma-cerebral\/wp-json\/wp\/v2\/comments?post=522"}],"version-history":[{"count":5,"href":"https:\/\/institutoneuron.com.br\/tratamento-de-aneurisma-cerebral\/wp-json\/wp\/v2\/pages\/522\/revisions"}],"predecessor-version":[{"id":916,"href":"https:\/\/institutoneuron.com.br\/tratamento-de-aneurisma-cerebral\/wp-json\/wp\/v2\/pages\/522\/revisions\/916"}],"wp:attachment":[{"href":"https:\/\/institutoneuron.com.br\/tratamento-de-aneurisma-cerebral\/wp-json\/wp\/v2\/media?parent=522"}],"curies":[{"name":"wp","href":"https:\/\/api.w.org\/{rel}","templated":true}]}}